{"id":13748,"date":"2021-04-14T13:06:16","date_gmt":"2021-04-14T10:06:16","guid":{"rendered":"http:\/\/arvutihunt.directmedia.ee\/kasutustingimused\/"},"modified":"2021-05-03T17:23:09","modified_gmt":"2021-05-03T14:23:09","slug":"%d0%bf%d1%80%d0%b0%d0%b2%d0%b8%d0%bb%d0%b0-%d0%bf%d0%be%d0%bb%d1%8c%d0%b7%d0%be%d0%b2%d0%b0%d0%bd%d0%b8%d1%8f","status":"publish","type":"page","link":"https:\/\/arvutihunt.ee\/ru\/%d0%bf%d1%80%d0%b0%d0%b2%d0%b8%d0%bb%d0%b0-%d0%bf%d0%be%d0%bb%d1%8c%d0%b7%d0%be%d0%b2%d0%b0%d0%bd%d0%b8%d1%8f\/","title":{"rendered":"\u041f\u0440\u0430\u0432\u0438\u043b\u0430 \u043f\u043e\u043b\u044c\u0437\u043e\u0432\u0430\u043d\u0438\u044f"},"content":{"rendered":"<p>[vc_row el_id=&#187;1618394796013-228d9fa8-0203&#8243;][vc_column el_id=&#187;1618394796017-60f18375-cc11&#8243;][vc_column_text]1. \u00dclds\u00e4tted<\/p>\n<p>1.1 K\u00e4esolevad tingimused (edaspidi Tingimused) kehtivad veebikaupluse arvutihunt.ee (edaspidi Arvutihunt.ee) klientide (edaspidi Ostja) ja veebikaupluse dreamline.ee omanikfirma Arvutihunt O\u00dc (edaspidi M\u00fc\u00fcja) vahel arvutihunt.ee-st ostetavate toodete puhul tekkivate \u00f5igussuhete kohta. Neis tingimustes s\u00e4testatakse M\u00fc\u00fcja ja Ostja \u00f5igused ja kohustused, vastutus, kaupade omandamise ja nende eest tasumise tingimused, tarne- ja reklamatsioonikord ning \u00fcldinfomatsioon M\u00fc\u00fcja pakutavate teenuste kohta.<\/p>\n<p>1.2 M\u00fc\u00fcja j\u00e4tab endale \u00f5iguse k\u00e4esolevaid tingimusi ilma ette teatamata muuta v\u00f5i t\u00e4iendada. Muutustest teavitatakse dreamline.ee veebilehel ja need astuvad j\u00f5usse arvutihunt.ee veebilehel avaldamise hetkest. Juhul kui tellimus edastati enne ostutingimuste muudatuste j\u00f5ustumist, rakendatakse neid ostutingimusi, mis kehtisid tellimuse edastamise ajal, v\u00e4lja arvatud juhul, kui seaduses v\u00f5i k\u00e4esolevates tingimustes on ette n\u00e4htud teisiti.<\/p>\n<p>1.3 M\u00fc\u00fcja ei ole \u00fchelgi moel vastutav v\u00f5imalike kahjude eest, mis tekkisid seet\u00f5ttu, et Ostja ei ole k\u00e4esolevaid Tingimusi lugenud.<\/p>\n<p>1.4 Lisaks k\u00e4esolevatele tingimustele reguleerivad dreamline.ee veebikauplusest ostmisel tekkivaid \u00f5igussuhteid Eesti Vabariigis kehtivad \u00f5igusaktid.<\/p>\n<p>1.5 Tarbijal on \u00f5igus p\u00f6\u00f6rduda Tarbijakaitseameti juures tegutseva tarbijavaidluste komisjoni poole. Tarbijavaidluste komisjoni p\u00e4devuses on lahendada tarbija ja ettev\u00f5tja vahel s\u00f5lmitud lepingust tulenevaid vaidlusi, mida pooled ei suutnud lahendada kokkuleppe teel. Kaebuse l\u00e4bivaatamine komisjonis on pooltele tasuta. Kaebuste lahendamiseks lisainfo https:\/\/www.tarbijakaitseamet.ee\/et\/tarbijavaidluste-komisjon<\/p>\n<p>&nbsp;<\/p>\n<p>2. Kliendi andmed ja andmekaitse<\/p>\n<p>2.1 Ostja poolt M\u00fc\u00fcjale edastatud isikuandmeid k\u00e4ideldakse vastavuses Andmekaitseseadusega. Andmeid edastatakse kolmandatele isikutele ainult Ostja n\u00f5usolekul v\u00f5i seaduses ette n\u00e4htud juhtudel.<\/p>\n<p>2.2 Ostja vastutab selle eest, et tema sisselogimisandmed (meiliaadress ja salas\u00f5na) ei satuks kolmandate isikute k\u00e4tte. M\u00fc\u00fcja ei vastuta \u00fchelgi moel tagaj\u00e4rgede eest, mida on p\u00f5hjustanud Ostja sisselogimisandmete sattumine kolmandate isikute k\u00e4tte Ostja s\u00fc\u00fc l\u00e4bi.<\/p>\n<p>2.3 Ostja vastutab oma esitatavate andmete t\u00e4psuse eest. M\u00fc\u00fcja ei vastuta \u00fchelgi moel tagaj\u00e4rgede eest, mida on p\u00f5hjustanud Ostja poolt ebat\u00e4pselt sisestatud andmed.<\/p>\n<p>2.4 Kui Ostja registreerimislehel olevad andmed muutuvad, tuleb need viivitamatult uuendada ka dreamline.ee veebilehel. M\u00fc\u00fcja ei vastuta \u00fchelgi moel tagaj\u00e4rgede eest, mida on p\u00f5hjustanud Ostja poolt sisestatud andmete ebakorrektsus v\u00f5i aegumine.<\/p>\n<p>2.5 Kui Ostja \u00fcritab oma tegevuse v\u00f5i tegevusetusega \u00f5\u00f5nestada, rikkuda, segada v\u00f5i h\u00e4irida veebikaupluse dreamline.ee t\u00f6\u00f6d, on M\u00fc\u00fcjal \u00f5igus viivitamatult ja ette teatamata piirata v\u00f5i katkestada kliendi ligip\u00e4\u00e4s veebilehele ja keelduda teda edaspidi teenindamast.<\/p>\n<p>&nbsp;<\/p>\n<p>3. Kaupade k\u00e4ttesaadavus, hind ja informatsiooni t\u00e4psus.<\/p>\n<p>3.1 Kaupade k\u00e4ttesaadavus ja hind v\u00f5ib arvutihunt.ee lehel muutuda. Muudatused j\u00f5ustuvad nende dreamline.ee veebilehel avaldamise hetkest alates.<\/p>\n<p>3.2 Juhul kui toote hind on s\u00fcsteemi vea t\u00f5ttu muutunud ebam\u00f5istlikult odavaks siis dreamline.ee ei ole kohustatud antud toodet m\u00fc\u00fcma ja ostjale tagastatakse raha.<\/p>\n<p>&nbsp;<\/p>\n<p>4. Tellimuse esitamine.<\/p>\n<p>4.1 Ostja saab dreamline.ee veebikauplusele tellimuse esitada veebilehe tellimuss\u00fcsteemi kaudu v\u00f5i meiliaadressil info@arvutihunt.ee<\/p>\n<p>4.2 Tellimuse esitamine ei t\u00e4henda kauba automaatset broneerimist. Tellimuse esitamise j\u00e4rel v\u00f5tab M\u00fc\u00fcja esindaja Ostjaga esimesel v\u00f5imalusel \u00fchendust, et tellimus kinnitada ja kokku leppida \u00fcksikasjades.<\/p>\n<p>4.3 Kui tellimuse t\u00e4itmine osutub v\u00f5imatuks, on M\u00fc\u00fcja esindajal \u00f5igus pakkuda Ostjale v\u00f5imalust valida samav\u00e4\u00e4rne kaup. Kui Ostja ei soovi asenduskaupa, tellimus t\u00fchistatakse ja juhul kui selle eest on juba makstud, tagastatab M\u00fc\u00fcja raha Ostja kontole m\u00f5istliku vajaliku aja jooksul, millelt \u00fclekanne laekus.<\/p>\n<p>&nbsp;<\/p>\n<p>5. Lepingu s\u00f5lmimine<\/p>\n<p>5.1 Ostu-m\u00fc\u00fcgi leping Ostja ja M\u00fc\u00fcja vahel loetakse s\u00f5lmituks hetkest, mil Ostja on tasunud kauba eest esimese sissemakse M\u00fc\u00fcja pangakontole v\u00f5i sularahas M\u00fc\u00fcja volitatud esindajale.<\/p>\n<p>&nbsp;<\/p>\n<p>6. Tellimuse t\u00fchistamine<\/p>\n<p>6.1 Ostjal on \u00f5igus ekslik tellimus t\u00fchistada, teavitades sellest M\u00fc\u00fcjat meili, telefoni v\u00f5i muude kanalite kaudu.<\/p>\n<p>6.2 Tellimus t\u00fchistatakse automaatselt, kui Ostja ei ole sooritanud esimest sissemakset kahe t\u00f6\u00f6p\u00e4eva jooksul peale makset\u00e4htaega.<\/p>\n<p>&nbsp;<\/p>\n<p>7. Kaupade eest tasumine<\/p>\n<p>7.1 Ostjal on \u00f5igus tasuda ostu eest 50% ettemaksu. Sellisel juhul saab Ostja kauba k\u00e4tte M\u00fc\u00fcja v\u00e4ljastuspunktis, kui on tasunud ka \u00fclej\u00e4\u00e4nud summa.<\/p>\n<p>7.2 Ostjal on v\u00f5imalus valida ostu eest tasumiseks j\u00e4rgmiste makseviiside vahel: panga\u00fclekanne M\u00fc\u00fcja pangaarvele, sularahas, maksekaardiga dreamline.ee v\u00e4ljastuspunktis, j\u00e4relmaksuga.<\/p>\n<p>7.3 Kui Ostja ei ole sooritanud esimest makset kauba eest k\u00e4esolevate tingimuste punktis 6.2 nimetatud t\u00e4htaja jooksul, on M\u00fc\u00fcjal \u00f5igus tellimus t\u00fchistada ilma Ostjat sellest teavitamata.<\/p>\n<p>&nbsp;<\/p>\n<p>8. Liising<\/p>\n<p>8.1 Ostjal on v\u00f5imalus taotleda ostude eest tasumiseks liisingut ehk j\u00e4relmaksu.<\/p>\n<p>8.2 M\u00fc\u00fcja vahendab oma partnerite j\u00e4relmaksu-teenust, edastades Ostja taotluse ja lisadokumendid partnerile, ja vahendades Ostjale partneri otsuse. \u00c4ra\u00fctlevaid otsuseid ei kommenteerita ega p\u00f5hjendata.<\/p>\n<p>8.3 J\u00e4relmaksuga tehtud tellimuste k\u00e4ttetoimetamine toimub ainult lepingu omanikule isikut t\u00f5endava dokumendi alusel.<\/p>\n<p>8.4 J\u00e4relmaksu ei saa vormistada, kui pakk on tellitud SmartPOSTi ja Omniva pakiautomaati.<\/p>\n<p>&nbsp;<\/p>\n<p>9. Kaupade k\u00e4ttetoimetamine<\/p>\n<p>9.1 Ostjal on v\u00f5imalus kaup k\u00e4tte saada M\u00fc\u00fcja v\u00e4ljastuspunktis Madara 33, Tallinn, p\u00e4rast seda kui M\u00fc\u00fcja esindaja on Ostjale teatanud kauba j\u00f5udmisest v\u00e4ljastuspunkti.<\/p>\n<p>9.2 Soovi korral toimetatakse kaup Ostjale kulleriga v\u00f5i pakiautomaati.<\/p>\n<p>9.3 Ostja peab teatama asja lepingutingimustele mittevastavusest m\u00fc\u00fcjale m\u00f5istliku aja jooksul p\u00e4rast seda, kui ta asja lepingutingimustele mittevastavusest teada sai v\u00f5i pidi teada saama. Tarbijalem\u00fc\u00fcgi puhul peab tarbija teatama asja lepingutingimustele mittevastavusest m\u00fc\u00fcjale kahe kuu jooksul p\u00e4rast seda, kui ta sai mittevastavusest teada. Kui ostja on m\u00fc\u00fcgilepingu s\u00f5lminud oma majandus- v\u00f5i kutsetegevuses, peab ta ostetud asja viivitamata \u00fcle vaatama v\u00f5i \u00fcle vaadata laskma.<\/p>\n<p>&nbsp;<\/p>\n<p>10. Ostust keeldumine<\/p>\n<p>10.1 Vastavalt Eesti Vabariigi seadusandlusele on f\u00fc\u00fcsilisest isikust tarbijal \u00f5igus ostu-m\u00fc\u00fcgi leping katkestada 14 kalendrip\u00e4eva jooksul alates kauba k\u00e4ttesaamisest.<\/p>\n<p>10.2 Kasutades 14-p\u00e4evast lepingust taganemise \u00f5igust, on Kliendil \u00f5igus kaupa proovida ja sellega tutvuda, et veenduda selle sobivuses v\u00f5i mittesobivuses, kuid proovimise k\u00e4igus tuleb tagada kauba ja selle pakendi minimaalne m\u00f5jutatus. Kauba proovimiseks Kasutamistingimuste t\u00e4henduses on kauba samav\u00e4\u00e4rne kasutamine nagu see on v\u00f5imalik enne ostu sooritamist jaekaubandusasutuses (kaupluses).<\/p>\n<p>10.3 Ostu-m\u00fc\u00fcgilepingust taganemise \u00f5igus ei kehti kaupade puhul, mis on valmistatud ostja isiklikke omadusi v\u00f5i erivajadusi silmas pidades, audio- ja videosalvestiste puhul, mille pakend on avatud ja\/v\u00f5i toode aktiveeritud, ning ajalehtede, ajakirjade ja muu perioodika puhul.<\/p>\n<p>10.4 Kliendil on \u00f5igus sidevahendi abil s\u00f5lmitud lepingust taganeda p\u00f5hjust avaldamata 14 p\u00e4eva jooksul vastavalt Eesti Vabariigis kehtivale seadusandlusele.<\/p>\n<p>10.5 Ostja n\u00f5ustub kandma tagastamisega seotud postikulud, v\u00e4lja arvatud juhul, kui Ostjale toimetatud kaup ei vasta tellitule.<\/p>\n<p>10.6 Lepingu katkestamisel tuleb kaup viivitamatult (30 kalendrip\u00e4eva jooksul) tagastada.<\/p>\n<p>10.7 Kauba tagastamise korral pakub M\u00fc\u00fcja v\u00f5imalust kaup asendada teise kaubaga koos hinna \u00fcmberarvestamisega.<\/p>\n<p>10.8 Kui Ostja ei soovi asenduskaupa, kannab M\u00fc\u00fcja hiljemalt 14 p\u00e4eva jooksul Ostja pangaarvele tagasi kauba eest makstud summa. Tagasimaksmine toimub ainult sellele arveldusarvele, millelt tellimuse eest tasuti.<\/p>\n<p>10.9 Ostja n\u00f5ustub v\u00f5imalusega, et ostu-m\u00fc\u00fcgi lepingu katkestamise \u00f5iguse kuritarvitamise korral keeldub M\u00fc\u00fcja teda edaspidi teenindamast.<\/p>\n<p>&nbsp;<\/p>\n<p>Pretensioonide esitamise tingimused<\/p>\n<p>1. dreamline.ee veebikauplusest ostetud toodetele kehtib eraisikule 24-kuuline pretensioonide esitamise aeg. Juriidilistele isikutele vastavalt tootjapoolsest garantiiajast.<\/p>\n<p>2. Pretensioonide esitamise ajal on Tarbijal \u00f5igus toote tasuta remondile v\u00f5i asendamisele. Kui viga on tekkinud tootja s\u00fc\u00fcl, kaetakse k\u00f5ik materjali- ja tootmisvead ning t\u00f6\u00f6 kui varuosade maksumus.<\/p>\n<p>3. Pretensioonide esitamise aluseks on ostu t\u00f5endav dokument.<\/p>\n<p>4. Pretensiooni alla ei kuulu toote kasutamise \u00f5petamine, reguleerimine, hooldus, puhastus, kaubandusliku v\u00e4ljan\u00e4gemise taastamine ega selliste vigade k\u00f5rvaldamine, mida on p\u00f5hjustanud kasutamisjuhiste mitte t\u00e4itmine.<\/p>\n<p>5. Pretensioonide esitamise \u00f5igus ei laiene kahjudele, mis on tekkinud transpordil peale toote \u00fcleandmist ostjale.<\/p>\n<p>6. dreamline.ee ei k\u00f5rvalda pretensioonide esitamise \u00f5iguse ajal ilmnenud puuduseid tasuta, kui see on p\u00f5hjustatud:<\/p>\n<p>\u2022 seadmesse installeeritud tarkvaralistest vigadest;<\/p>\n<p>\u2022 normaalsest kulumisest;<\/p>\n<p>\u2022 eba\u00f5igest kasutamisest v\u00f5i hooldamisest (sh juhul, kui seadet on remontinud v\u00f5i hooldanud tootja poolt volitamata isik);<\/p>\n<p>\u2022 seadme ja\/v\u00f5i detaili seerianumbri, kontrollkleebise v\u00f5i markeeriva kleebise rikkumisest, vahetamisest v\u00f5i eemaldamisest;<\/p>\n<p>\u2022 kliendile enne seadme ostmist dreamline.ee poolt teatavaks tehtud puudustest;<\/p>\n<p>\u2022 v\u00e4listeguritest. V\u00e4listeguriteks loetakse muuhulgas \u00e4ike, n\u00f5uetele mittevastav elektripinge ja elektripinge k\u00f5ikumised, niiskus, vedelik, mehhaanilised vigastused vms.<\/p>\n<p>\u2022 toode ei t\u00f6\u00f6ta omaniku s\u00fc\u00fcl, eba\u00f5ige ekspluateerimise tulemusena, kasutusjuhendi mittej\u00e4lgimisel v\u00f5i kui defektid tekkisid toote mittehoolikal hoidmisel, hooldamisel v\u00f5i \u00fclekoormamisel.<\/p>\n<p>7. arvutihunt.ee tugineb vastutuse kindlaks m\u00e4\u00e4ramisel tootja volitatud esindaja poolt teostatavale ekspertiisile (diagnostikale). Kui ekspertiisi tulemusel selgub, et puudused on p\u00f5hjustatud eelpool loetletud teguritest, kuid seadme remontimine on v\u00f5imalik, siis on Tarbijal v\u00f5imalus tellida tasuline remont. Vedeliku\/niiskuskahjustusega ja\/v\u00f5i mehaanilise vigastusega seade kuulub ka edaspidi remontimisele \u00fcksnes tasulises korras.<\/p>\n<p>8. Seadmele teostatud ekspertiisi (diagnostika) eest tuleb tasuda ekspertiisi tasu kui dreamline.ee ei ole vastutav seadmel ilmnenud puuduse k\u00f5rvaldamise eest ning seadme remontimine ei ole v\u00f5imalik. Samuti tuleb Tarbijal tasuda ekspertiisi tasu kui seadmel ei tuvastata ekspertiisi (diagnostika) tulemusel puudust ning seade vastab tootja tehnilistele n\u00f5uetele.<\/p>\n<p>9. Ekspertiisi tasu ei pea maksma eraklient esimese kuue kuu jooksul alates ostu kuup\u00e4evast.<\/p>\n<p>10. Kui tarbija ei n\u00f5ustu arvutihunt.ee seisukohaga, tuleb tarbijal t\u00f5endada seda, et:<\/p>\n<p>\u2022 tegemist on puudusega (asjatundja eksperthinnangu alusel);<\/p>\n<p>\u2022 puudus v\u00f5i selle p\u00f5hjus eksisteeris seadme \u00fcleandmise hetkel;<\/p>\n<p>\u2022 arvutihunt.ee on puuduse eest vastutav.<\/p>\n<p>11. Esimese 6 kuu jooksul ilmnenud puuduste korral peab arvutihunt.ee t\u00f5endama seda, et:<\/p>\n<p>\u2022 tegemist on puudusega (lepingutingimustele mittevastavusega);<\/p>\n<p>\u2022 puudus v\u00f5i selle p\u00f5hjus ilmnes esimese 6 kuu jooksul.[\/vc_column_text][\/vc_column][\/vc_row]<\/p>\n","protected":false},"excerpt":{"rendered":"<p>[vc_row el_id=&#187;1618394796013-228d9fa8-0203&#8243;][vc_column el_id=&#187;1618394796017-60f18375-cc11&#8243;][vc_column_text]1. \u00dclds\u00e4tted 1.1 K\u00e4esolevad tingimused (edaspidi Tingimused) kehtivad veebikaupluse arvutihunt.ee (edaspidi Arvutihunt.ee) klientide (edaspidi Ostja) ja veebikaupluse dreamline.ee omanikfirma Arvutihunt O\u00dc (edaspidi M\u00fc\u00fcja) vahel arvutihunt.ee-st ostetavate toodete puhul tekkivate \u00f5igussuhete kohta. Neis tingimustes s\u00e4testatakse M\u00fc\u00fcja ja Ostja \u00f5igused ja kohustused, vastutus, kaupade omandamise ja nende eest tasumise tingimused, tarne- ja reklamatsioonikord ning \u00fcldinfomatsioon [&hellip;]<\/p>\n","protected":false},"author":1,"featured_media":0,"parent":0,"menu_order":0,"comment_status":"closed","ping_status":"closed","template":"templates\/full-width.php","meta":[],"_links":{"self":[{"href":"https:\/\/arvutihunt.ee\/ru\/wp-json\/wp\/v2\/pages\/13748"}],"collection":[{"href":"https:\/\/arvutihunt.ee\/ru\/wp-json\/wp\/v2\/pages"}],"about":[{"href":"https:\/\/arvutihunt.ee\/ru\/wp-json\/wp\/v2\/types\/page"}],"author":[{"embeddable":true,"href":"https:\/\/arvutihunt.ee\/ru\/wp-json\/wp\/v2\/users\/1"}],"replies":[{"embeddable":true,"href":"https:\/\/arvutihunt.ee\/ru\/wp-json\/wp\/v2\/comments?post=13748"}],"version-history":[{"count":4,"href":"https:\/\/arvutihunt.ee\/ru\/wp-json\/wp\/v2\/pages\/13748\/revisions"}],"predecessor-version":[{"id":13822,"href":"https:\/\/arvutihunt.ee\/ru\/wp-json\/wp\/v2\/pages\/13748\/revisions\/13822"}],"wp:attachment":[{"href":"https:\/\/arvutihunt.ee\/ru\/wp-json\/wp\/v2\/media?parent=13748"}],"curies":[{"name":"wp","href":"https:\/\/api.w.org\/{rel}","templated":true}]}}