{"id":13700,"date":"2021-04-14T13:08:16","date_gmt":"2021-04-14T10:08:16","guid":{"rendered":"http:\/\/arvutihunt.directmedia.ee\/garantiitingimused\/"},"modified":"2021-06-17T21:55:23","modified_gmt":"2021-06-17T18:55:23","slug":"%d1%83%d1%81%d0%bb%d0%be%d0%b2%d0%b8%d1%8f-%d0%b3%d0%b0%d1%80%d0%b0%d0%bd%d1%82%d0%b8%d0%b8","status":"publish","type":"page","link":"https:\/\/arvutihunt.ee\/ru\/%d1%83%d1%81%d0%bb%d0%be%d0%b2%d0%b8%d1%8f-%d0%b3%d0%b0%d1%80%d0%b0%d0%bd%d1%82%d0%b8%d0%b8\/","title":{"rendered":"\u0423\u0441\u043b\u043e\u0432\u0438\u044f \u0433\u0430\u0440\u0430\u043d\u0442\u0438\u0438"},"content":{"rendered":"<p>[vc_row el_id=&#187;1618394891426-7c99c9d9-c0ad&#187;][vc_column el_id=&#187;1618394891430-b48d9da5-a51e&#187;][vc_column_text]arvutihunt.ee e-pood vahendab m\u00fc\u00fcdavale kaubale tootja garantiid. Garantii annab ostjale garantiit\u00e4htajal \u00f5iguse n\u00f5uda asja tasuta parandamist v\u00f5i asendamist. Garantii kehtib Eesti Vabariigi territooriumil.<\/p>\n<p>Garantii katab konstruktsiooni-, tootmis- ja materjalivigade ning nende vigade t\u00f5ttu seadmele p\u00f5hjustatud defektide paranduskulud.<\/p>\n<p>Garantiiaeg hakkab kehtima alates asja \u00fcleandmisest ostjale ja kehtib kuni kauba tootja poolt m\u00e4\u00e4ratud perioodini.<\/p>\n<p>Garantii kaotab kehtivuse kui seadmel on tuvastatud ekspluatatsioonih\u00e4ired ja f\u00fc\u00fcsilised vigastused, mis on tekkinud tahtmatu v\u00f5i tahtliku f\u00fc\u00fcsilise vigastuse tagaj\u00e4rjel v\u00f5i seadme sisemusse sattunud k\u00f5rvaliste esemete, vedelike, putukate, \u00fcleliigse tolmu, sigaretituha, suitsuvaigu jne. poolt.<\/p>\n<p>Garantiiremonti tehakse tootja hooldusesinduses. Kliendil tuleb garantiiremonti minev Arvutihunt lauaarvuti toimetada teeninduskeskusesse aadressil Madara 33, Tallinn 10613.\u00a0 L\u00e4hemat informatsiooni saab meiliaadressil info@arvutihunt.ee.<\/p>\n<p>S\u00fclearvutite ja br\u00e4ndlauaarvutite autoriseeritud teeninduskeskused asuvad:<\/p>\n<table border=\"1\" cellspacing=\"0\" cellpadding=\"0\">\n<tbody>\n<tr>\n<td>Simson ServiceNet EE O\u00dc (Acer, HP)<\/td>\n<td>Servisa ICT (MSI, Lenovo, Asus, Dell)<\/td>\n<\/tr>\n<tr>\n<td>Tulika 17, Tallinn<\/td>\n<td>Mustam\u00e4e tee 55, Tallinn<\/td>\n<\/tr>\n<tr>\n<td>E-R 9.00-18.00<\/td>\n<td>E-R 9.00-18.00<\/td>\n<\/tr>\n<tr>\n<td>Telefon: 6504949<\/td>\n<td>Telefon: 6671796<\/td>\n<\/tr>\n<tr>\n<td>Garantii alus: ostuarve<\/td>\n<td>Garantii alus: ostuarve<\/td>\n<\/tr>\n<\/tbody>\n<\/table>\n<p>&nbsp;<\/p>\n<p>Toodete saatmine garantiisse toimub kliendi kulul.<\/p>\n<p>Toodetel kehtivad alltoodud m\u00fc\u00fcgigarantii t\u00e4htajad ning tingimused:<\/p>\n<p>\u2013 arvuti m\u00fc\u00fcgigarantii on 24 kuud*;<\/p>\n<p>\u2013 s\u00fclearvutite m\u00fc\u00fcgigarantii on 12-24 kuud*;<\/p>\n<p>\u2013 seadme aku m\u00fc\u00fcgigarantii on 6 kuud;<\/p>\n<p>\u2013 arvuti lisaseadmete, ka neil, mis arvuti ostmisel v\u00f5i hilisemal t\u00e4iendamisel on monteeritud vastavalt eritellimusele, m\u00fc\u00fcgigarantii on 12 kuud;<\/p>\n<p>\u2013 v\u00e4liste seadmete (klaviatuuridel, hiirtel, juhtmetel, \u00fcleminekutel, arvutikottidel) m\u00fc\u00fcgigarantii on 6 kuud;<\/p>\n<p>\u2013 Wi-Fi ja Bluetooth adapterite m\u00fc\u00fcgigarantii on 6 kuud;<\/p>\n<p>\u2013 arvuti korpuste ja ventilaatorite m\u00fc\u00fcgigarantii on 6 kuud.<\/p>\n<p>&nbsp;<\/p>\n<p>* kui ostu hetkel kehtivas hinnakirjas ei ole seatud teisiti.<\/p>\n<p>&nbsp;<\/p>\n<p>M\u00dc\u00dcGIGARANTII AJA JOOKSUL ARVUTIHUNT.EE PAKUB:<\/p>\n<p>\u2013 tasuta hooldust (tolmupuhastus + termopasta vahetus);<\/p>\n<p>\u2013 pahatarkvara eemaldamist ja viiruset\u00f5rje installeerimist;<\/p>\n<p>\u2013 lisakomponentide paigaldamist (lisandub vaid komponentide ostuhind).<\/p>\n<p>&nbsp;<\/p>\n<p>M\u00dc\u00dcGIGARANTII EI LAIENE:<\/p>\n<p>\u2013 pakendile, dokumentatsioonile, kulumaterjalidele (nt hiirematid), litsentsidele, tarkvarale ja paigaldusmeediale;<\/p>\n<p>\u2013 kokkupandud lauaarvutile, mille garantiikleeps on katki l\u00e4inud tarbija s\u00fc\u00fcl. Sellel juhul kehtib ainult 24-kuuline pretensiooni esitamise aeg;<\/p>\n<p>\u2013 h\u00e4iretele toote t\u00f6\u00f6s, mis on p\u00f5hjustatud selle juhuslikust v\u00f5i tahtlikust vigastamisest kasutaja poolt;<\/p>\n<p>\u2013 h\u00e4iretele seadme t\u00f6\u00f6s, mille on p\u00f5hjustanud seadme tehniliste omaduste muutmine, mida on teostanud tootja poolt sertifitseerimata isik v\u00f5i teenindus;<\/p>\n<p>\u2013 ekspluatatsioonih\u00e4ired, mis on p\u00f5hjustatud toote kasutusjuhendi eiramisest;<\/p>\n<p>\u2013 tarkvara poolt p\u00f5hjustatud vigadele;<\/p>\n<p>\u2013 s\u00fclearvutite puhastusele;<\/p>\n<p>\u2013 seadme kasutamisel v\u00e4lja\u00f5ppeks;<\/p>\n<p>\u2013 h\u00e4iretele toote t\u00f6\u00f6s, mille on p\u00f5hjustanud toote kasutamine selleks mitte etten\u00e4htud keskkonnatingimustes. Siia alla kuuluvad ka kliendi v\u00f5i kolmandate isikute poolt ebakorrektselt k\u00e4sitletud arvutiosad;<\/p>\n<p>\u2013 h\u00e4iretele seadme t\u00f6\u00f6s, mis on tingitud \u00e4ikesest v\u00f5i m\u00f5nest muust loodusn\u00e4htusest (force majoure);<\/p>\n<p>\u2013 h\u00e4iretele, mis on tingitud arvuti v\u00f5i muu seadme \u00fchendamisest mitten\u00f5uetekohasesse vooluv\u00f5rku (sh maanduseta vooluv\u00f5rku);<\/p>\n<p>\u2013 riketele toote t\u00f6\u00f6s, mis on tingitud voolu all olevate seadmete omavahel \u00fchendamisest;<\/p>\n<p>\u2013 tootesse kliendi poolt installeeritud tarkvara p\u00f5hjustatud h\u00e4iretele;<\/p>\n<p>\u2013 arvuti riketele, mis on p\u00f5hjustatud arvuti komponentidele tootja poolt m\u00e4\u00e4ratud parameetrite kliendipoolsest eiramisest;<\/p>\n<p>\u2013 ekspluatatsioonih\u00e4ired ja f\u00fc\u00fcsilised vigastused, mis on p\u00f5hjustatud mitteoriginaalosade v\u00f5i ebasobivate tarvikute kasutamisest;<\/p>\n<p>\u2013 tooted ja detailid, mille seerianumbrid, kontrollkleebised v\u00f5i markeerivad kleebised on rikutud, vahetatud v\u00f5i eemaldatud;<\/p>\n<p>\u2013 kokkupandud lauaarvutile, mis on edasi m\u00fc\u00fcdud teisele tarbijale (arvuti omanik on muutunud).<\/p>\n<p>&nbsp;<\/p>\n<p>ARVUTIHUNT.EE E-POOD EI VASTUTA:<\/p>\n<p>\u2013 remonti toodud seadmel oleva info s\u00e4ilimise eest, samuti kui garantiiremondi k\u00e4igus kahjustatakse v\u00f5i vigastatakse arvutis olevaid andmeid v\u00f5i tarkvara. Andmete varundamine on kliendi kohustus;<\/p>\n<p>\u2013 toote defektide k\u00f5rvaldamata j\u00e4tmise eest juhul, kui defekt ei ilmnenud garantiiremondi k\u00e4igus ning selle esinemist toote garantiiremonti toomisel ei ole registreeritud;<\/p>\n<p>\u2013 h\u00e4irete eest toote t\u00f6\u00f6s, mis on p\u00f5hjustatud selle juhuslikust v\u00f5i tahtlikust vigastamisest kasutaja poolt;<\/p>\n<p>\u2013 h\u00e4irete eest seadme t\u00f6\u00f6s, mille on p\u00f5hjustanud seadme tehniliste omaduste muutmine, mida on teostanud tootja poolt sertifitseerimata isik v\u00f5i teenindus.<\/p>\n<p>Tootja\/ m\u00fc\u00fcja poolt kaubale antud garantiiaja v\u00e4ltel v\u00f5ib klient esitada arvutihunt.ee e-poele pretensiooni kauba sihtotstarbelist kasutamist v\u00f5i s\u00e4ilitamist takistavate asjaolude kohta, mis on p\u00f5hjustatud kauba kvaliteedi puudustest. Pretensiooni esitamise periood hakkab kehtima kauba ostukuup\u00e4evast. Pretensiooni esitamise aluseks on toote m\u00fc\u00fcgiarve.<\/p>\n<p>Tarbija pretensiooni lahendamine toimub vastavalt kehtivatele \u00f5igusaktidele. Pretensioon tuleb esitada eesti keeles ja v\u00f5imalikult arusaadavalt kirjeldatult tootel esineva puuduse kohta.<\/p>\n<p>Tarbija pretensioon ei kuulu lahendamisele, kui dreamline.ee e-pood t\u00f5estab, et puudused kauba kasutamisel on tekkinud tarbija s\u00fc\u00fcl. Sellisel juhul on arvutihunt.ee e-poel \u00f5igus esitada kliendile arve teostatud diagnostika kohta vastavalt kehtivale hinnakirjale.<\/p>\n<p>Garantiihooldusesse p\u00f5hjuseta toodud seadmetega seoses (kui rike ei ole p\u00f5hjustatud tootjapoolsest praagist v\u00f5i on rikutud toote garantiitingimusi) tekkinud kulud tasub ostja. Sellisel juhul on dreamline.ee e-poel \u00f5igus esitada kliendile arve seni teostatud t\u00f6\u00f6de kohta vastavalt kehtivale hinnakirjale.<\/p>\n<p>Kui toote remontimine osutub v\u00f5imatuks, v\u00f5i selle tootmine on l\u00f5petatud, v\u00f5tab arvutihunt.ee e-pood endale \u00f5iguse (kliendi n\u00f5usolekul) asendada toode samav\u00e4\u00e4rsega.<\/p>\n<p>Seadme parandamise puhul garantiit\u00e4htaeg ei pikene. Asendusarvutit tarbija kasutusse remondi ajaks ei anta.<\/p>\n<p>&nbsp;<\/p>\n<p>S\u00f5ltuvalt asjaoludest v\u00f5ib garantiiremont v\u00f5tta alates 3 t\u00f6\u00f6p\u00e4evast kuni 8 n\u00e4dalani.<\/p>\n<p>.[\/vc_column_text][\/vc_column][\/vc_row]<\/p>\n","protected":false},"excerpt":{"rendered":"<p>[vc_row el_id=&#187;1618394891426-7c99c9d9-c0ad&#187;][vc_column el_id=&#187;1618394891430-b48d9da5-a51e&#187;][vc_column_text]arvutihunt.ee e-pood vahendab m\u00fc\u00fcdavale kaubale tootja garantiid. Garantii annab ostjale garantiit\u00e4htajal \u00f5iguse n\u00f5uda asja tasuta parandamist v\u00f5i asendamist. Garantii kehtib Eesti Vabariigi territooriumil. Garantii katab konstruktsiooni-, tootmis- ja materjalivigade ning nende vigade t\u00f5ttu seadmele p\u00f5hjustatud defektide paranduskulud. Garantiiaeg hakkab kehtima alates asja \u00fcleandmisest ostjale ja kehtib kuni kauba tootja poolt m\u00e4\u00e4ratud perioodini. Garantii [&hellip;]<\/p>\n","protected":false},"author":1,"featured_media":0,"parent":0,"menu_order":0,"comment_status":"closed","ping_status":"closed","template":"templates\/full-width.php","meta":[],"_links":{"self":[{"href":"https:\/\/arvutihunt.ee\/ru\/wp-json\/wp\/v2\/pages\/13700"}],"collection":[{"href":"https:\/\/arvutihunt.ee\/ru\/wp-json\/wp\/v2\/pages"}],"about":[{"href":"https:\/\/arvutihunt.ee\/ru\/wp-json\/wp\/v2\/types\/page"}],"author":[{"embeddable":true,"href":"https:\/\/arvutihunt.ee\/ru\/wp-json\/wp\/v2\/users\/1"}],"replies":[{"embeddable":true,"href":"https:\/\/arvutihunt.ee\/ru\/wp-json\/wp\/v2\/comments?post=13700"}],"version-history":[{"count":3,"href":"https:\/\/arvutihunt.ee\/ru\/wp-json\/wp\/v2\/pages\/13700\/revisions"}],"predecessor-version":[{"id":13823,"href":"https:\/\/arvutihunt.ee\/ru\/wp-json\/wp\/v2\/pages\/13700\/revisions\/13823"}],"wp:attachment":[{"href":"https:\/\/arvutihunt.ee\/ru\/wp-json\/wp\/v2\/media?parent=13700"}],"curies":[{"name":"wp","href":"https:\/\/api.w.org\/{rel}","templated":true}]}}